{"id":934,"date":"2023-11-10T18:30:06","date_gmt":"2023-11-10T17:30:06","guid":{"rendered":"https:\/\/aurumoliva.com\/about-us\/"},"modified":"2024-10-15T14:05:53","modified_gmt":"2024-10-15T12:05:53","slug":"about-us","status":"publish","type":"page","link":"https:\/\/aurumoliva.com\/en\/about-us\/","title":{"rendered":"About us"},"content":{"rendered":"\t\t<div data-elementor-type=\"wp-page\" data-elementor-id=\"934\" class=\"elementor elementor-934 elementor-23\" data-elementor-post-type=\"page\">\n\t\t\t\t\t\t\t<div class=\"elementor-element elementor-element-6d7e670 e-con-full e-flex e-con e-parent\" data-id=\"6d7e670\" data-element_type=\"container\" data-settings=\"{&quot;content_width&quot;:&quot;full&quot;,&quot;background_background&quot;:&quot;classic&quot;}\" data-core-v316-plus=\"true\">\n\t\t<div class=\"elementor-element elementor-element-c1eee20 e-con-full e-flex e-con e-child\" data-id=\"c1eee20\" data-element_type=\"container\" data-settings=\"{&quot;content_width&quot;:&quot;full&quot;,&quot;background_background&quot;:&quot;classic&quot;,&quot;shape_divider_bottom&quot;:&quot;curve&quot;,&quot;shape_divider_bottom_negative&quot;:&quot;yes&quot;}\">\n\t\t\t\t<div class=\"elementor-shape elementor-shape-bottom\" data-negative=\"true\">\n\t\t\t<svg xmlns=\"http:\/\/www.w3.org\/2000\/svg\" viewBox=\"0 0 1000 100\" preserveAspectRatio=\"none\">\n\t<path class=\"elementor-shape-fill\" d=\"M500,97C126.7,96.3,0.8,19.8,0,0v100l1000,0V1C1000,19.4,873.3,97.8,500,97z\"\/>\n<\/svg>\t\t<\/div>\n\t\t\t\t<div class=\"elementor-element elementor-element-f7a7f6b elementor-invisible elementor-widget elementor-widget-text-editor\" data-id=\"f7a7f6b\" data-element_type=\"widget\" data-settings=\"{&quot;_animation&quot;:&quot;fadeInUp&quot;}\" data-widget_type=\"text-editor.default\">\n\t\t\t\t<div class=\"elementor-widget-container\">\n\t\t\t<style>\/*! elementor - v3.17.0 - 08-11-2023 *\/\n.elementor-widget-text-editor.elementor-drop-cap-view-stacked .elementor-drop-cap{background-color:#69727d;color:#fff}.elementor-widget-text-editor.elementor-drop-cap-view-framed .elementor-drop-cap{color:#69727d;border:3px solid;background-color:transparent}.elementor-widget-text-editor:not(.elementor-drop-cap-view-default) .elementor-drop-cap{margin-top:8px}.elementor-widget-text-editor:not(.elementor-drop-cap-view-default) .elementor-drop-cap-letter{width:1em;height:1em}.elementor-widget-text-editor .elementor-drop-cap{float:left;text-align:center;line-height:1;font-size:50px}.elementor-widget-text-editor .elementor-drop-cap-letter{display:inline-block}<\/style>\t\t\t\t<p>About us<\/p>\n\t\t\t\t\t\t<\/div>\n\t\t\t\t<\/div>\n\t\t\t\t<div class=\"elementor-element elementor-element-0d3d387 elementor-invisible elementor-widget elementor-widget-text-editor\" data-id=\"0d3d387\" data-element_type=\"widget\" data-settings=\"{&quot;_animation&quot;:&quot;fadeInLeft&quot;}\" data-widget_type=\"text-editor.default\">\n\t\t\t\t<div class=\"elementor-widget-container\">\n\t\t\t\t\t\t\t<p style=\"text-align: center;\"><span style=\"color: #f0b70e;\">Olive <\/span><span style=\"color: #ffffff;\">oil brokers<\/span><\/p>\n\t\t\t\t\t\t<\/div>\n\t\t\t\t<\/div>\n\t\t\t\t<\/div>\n\t\t\t\t<\/div>\n\t\t<div class=\"elementor-element elementor-element-8cc58f4 e-con-full e-flex e-con e-child\" data-id=\"8cc58f4\" data-element_type=\"container\" data-settings=\"{&quot;content_width&quot;:&quot;full&quot;,&quot;background_background&quot;:&quot;classic&quot;,&quot;shape_divider_bottom&quot;:&quot;waves&quot;}\">\n\t\t\t\t<div class=\"elementor-shape elementor-shape-bottom\" data-negative=\"false\">\n\t\t\t<svg xmlns=\"http:\/\/www.w3.org\/2000\/svg\" viewBox=\"0 0 1000 100\" preserveAspectRatio=\"none\">\n\t<path class=\"elementor-shape-fill\" d=\"M421.9,6.5c22.6-2.5,51.5,0.4,75.5,5.3c23.6,4.9,70.9,23.5,100.5,35.7c75.8,32.2,133.7,44.5,192.6,49.7\n\tc23.6,2.1,48.7,3.5,103.4-2.5c54.7-6,106.2-25.6,106.2-25.6V0H0v30.3c0,0,72,32.6,158.4,30.5c39.2-0.7,92.8-6.7,134-22.4\n\tc21.2-8.1,52.2-18.2,79.7-24.2C399.3,7.9,411.6,7.5,421.9,6.5z\"\/>\n<\/svg>\t\t<\/div>\n\t\t\t\t<div class=\"elementor-element elementor-element-44351c0 elementor-widget elementor-widget-image\" data-id=\"44351c0\" data-element_type=\"widget\" data-widget_type=\"image.default\">\n\t\t\t\t<div class=\"elementor-widget-container\">\n\t\t\t<style>\/*! elementor - v3.17.0 - 08-11-2023 *\/\n.elementor-widget-image{text-align:center}.elementor-widget-image a{display:inline-block}.elementor-widget-image a img[src$=\".svg\"]{width:48px}.elementor-widget-image img{vertical-align:middle;display:inline-block}<\/style>\t\t\t\t\t\t\t\t\t\t\t\t<img decoding=\"async\" width=\"63\" height=\"93\" src=\"https:\/\/aurumoliva.com\/wp-content\/uploads\/2023\/11\/Elemento-home.png\" class=\"attachment-large size-large wp-image-130\" alt=\"Elemento home\" \/>\t\t\t\t\t\t\t\t\t\t\t\t\t\t\t<\/div>\n\t\t\t\t<\/div>\n\t\t<div class=\"elementor-element elementor-element-0b013f8 e-flex e-con-boxed e-con e-child\" data-id=\"0b013f8\" data-element_type=\"container\" data-settings=\"{&quot;content_width&quot;:&quot;boxed&quot;}\">\n\t\t\t\t\t<div class=\"e-con-inner\">\n\t\t<div class=\"elementor-element elementor-element-0f58708 e-con-full e-flex e-con e-child\" data-id=\"0f58708\" data-element_type=\"container\" data-settings=\"{&quot;content_width&quot;:&quot;full&quot;}\">\n\t\t\t\t<div class=\"elementor-element elementor-element-8f51751 elementor-invisible elementor-widget elementor-widget-text-editor\" data-id=\"8f51751\" data-element_type=\"widget\" data-settings=\"{&quot;_animation&quot;:&quot;fadeInUp&quot;}\" data-widget_type=\"text-editor.default\">\n\t\t\t\t<div class=\"elementor-widget-container\">\n\t\t\t\t\t\t\t<p>About us<\/p>\n\t\t\t\t\t\t<\/div>\n\t\t\t\t<\/div>\n\t\t\t\t<div class=\"elementor-element elementor-element-6ab38bd elementor-widget-tablet__width-initial elementor-widget__width-initial elementor-invisible elementor-widget elementor-widget-text-editor\" data-id=\"6ab38bd\" data-element_type=\"widget\" data-settings=\"{&quot;_animation&quot;:&quot;fadeInUp&quot;}\" data-widget_type=\"text-editor.default\">\n\t\t\t\t<div class=\"elementor-widget-container\">\n\t\t\t\t\t\t\t<p>Aurum Mediaciones is a company linked to olive oil and all its aspects.<\/p>\n\t\t\t\t\t\t<\/div>\n\t\t\t\t<\/div>\n\t\t\t\t<div class=\"elementor-element elementor-element-7059012 elementor-widget elementor-widget-text-editor\" data-id=\"7059012\" data-element_type=\"widget\" data-widget_type=\"text-editor.default\">\n\t\t\t\t<div class=\"elementor-widget-container\">\n\t\t\t\t\t\t\t<p>This business project is led by Juan Ram\u00f3n Gonz\u00e1lez Fern\u00e1ndez, a young professional in the sector who, despite his young age, has more than a decade of experience, during which he has gradually acquired first-hand a series of knowledge and values that are the essence of Aurum Mediaciones.<\/p>\n<p>Aurum Mediaciones lands in the market to give a totally personalized service to its clients, a very professional, serious but full of transparency and humanity.<span class=\"Apple-converted-space\"> <\/span><\/p>\n<p>Aurum Mediaciones works step by step, being temperance and security unpredictable values in the development of its work, which together with transparency and seriousness seek to carry out operations in which our clients are completely calm and satisfied with them.<\/p>\n\t\t\t\t\t\t<\/div>\n\t\t\t\t<\/div>\n\t\t\t\t<div class=\"elementor-element elementor-element-9a8e010 elementor-mobile-align-center elementor-widget elementor-widget-button\" data-id=\"9a8e010\" data-element_type=\"widget\" data-widget_type=\"button.default\">\n\t\t\t\t<div class=\"elementor-widget-container\">\n\t\t\t\t\t<div class=\"elementor-button-wrapper\">\n\t\t\t<a class=\"elementor-button elementor-button-link elementor-size-sm\" href=\"https:\/\/aurumoliva.com\/contacto\/\">\n\t\t\t\t\t\t<span class=\"elementor-button-content-wrapper\">\n\t\t\t\t\t\t<span class=\"elementor-button-text\">Contact<\/span>\n\t\t<\/span>\n\t\t\t\t\t<\/a>\n\t\t<\/div>\n\t\t\t\t<\/div>\n\t\t\t\t<\/div>\n\t\t\t\t<\/div>\n\t\t<div class=\"elementor-element elementor-element-575fe77 e-flex e-con-boxed e-con e-child\" data-id=\"575fe77\" data-element_type=\"container\" data-settings=\"{&quot;content_width&quot;:&quot;boxed&quot;}\">\n\t\t\t\t\t<div class=\"e-con-inner\">\n\t\t\t\t<div class=\"elementor-element elementor-element-65e1095 elementor-widget elementor-widget-image\" data-id=\"65e1095\" data-element_type=\"widget\" data-widget_type=\"image.default\">\n\t\t\t\t<div class=\"elementor-widget-container\">\n\t\t\t\t\t\t\t\t\t\t\t\t\t\t\t<img fetchpriority=\"high\" decoding=\"async\" width=\"756\" height=\"781\" src=\"https:\/\/aurumoliva.com\/wp-content\/uploads\/2023\/11\/Grupo-103.png\" class=\"attachment-full size-full wp-image-171\" alt=\"Grupo 103\" srcset=\"https:\/\/aurumoliva.com\/wp-content\/uploads\/2023\/11\/Grupo-103.png 756w, https:\/\/aurumoliva.com\/wp-content\/uploads\/2023\/11\/Grupo-103-290x300.png 290w\" sizes=\"(max-width: 756px) 100vw, 756px\" \/>\t\t\t\t\t\t\t\t\t\t\t\t\t\t\t<\/div>\n\t\t\t\t<\/div>\n\t\t\t\t\t<\/div>\n\t\t\t\t<\/div>\n\t\t\t\t\t<\/div>\n\t\t\t\t<\/div>\n\t\t\t\t<\/div>\n\t\t\t\t\t\t\t<\/div>\n\t\t","protected":false},"excerpt":{"rendered":"<p>About us Olive oil brokers About us Aurum Mediaciones is a company linked to olive oil and all its aspects. This business project is led by Juan Ram\u00f3n Gonz\u00e1lez Fern\u00e1ndez, a young professional in the sector who, despite his young age, has more than a decade of experience, during which he has gradually acquired first-hand [&hellip;]<\/p>\n","protected":false},"author":1,"featured_media":938,"parent":0,"menu_order":0,"comment_status":"closed","ping_status":"closed","template":"","meta":{"footnotes":""},"yoast_head":"<!-- This site is optimized with the Yoast SEO plugin v21.5 - https:\/\/yoast.com\/wordpress\/plugins\/seo\/ -->\n<title>About us - Aurum<\/title>\n<meta name=\"robots\" content=\"index, follow, max-snippet:-1, max-image-preview:large, max-video-preview:-1\" \/>\n<link rel=\"canonical\" href=\"https:\/\/aurumoliva.com\/en\/about-us\/\" \/>\n<meta property=\"og:locale\" content=\"en_US\" \/>\n<meta property=\"og:type\" content=\"article\" \/>\n<meta property=\"og:title\" content=\"About us - Aurum\" \/>\n<meta property=\"og:description\" content=\"About us Olive oil brokers About us Aurum Mediaciones is a company linked to olive oil and all its aspects. This business project is led by Juan Ram\u00f3n Gonz\u00e1lez Fern\u00e1ndez, a young professional in the sector who, despite his young age, has more than a decade of experience, during which he has gradually acquired first-hand [&hellip;]\" \/>\n<meta property=\"og:url\" content=\"https:\/\/aurumoliva.com\/en\/about-us\/\" \/>\n<meta property=\"og:site_name\" content=\"Aurum\" \/>\n<meta property=\"article:modified_time\" content=\"2024-10-15T12:05:53+00:00\" \/>\n<meta property=\"og:image\" content=\"https:\/\/aurumoliva.com\/wp-content\/uploads\/2023\/11\/Logotipo.png\" \/>\n\t<meta property=\"og:image:width\" content=\"201\" \/>\n\t<meta property=\"og:image:height\" content=\"78\" \/>\n\t<meta property=\"og:image:type\" content=\"image\/png\" \/>\n<meta name=\"twitter:card\" content=\"summary_large_image\" \/>\n<meta name=\"twitter:label1\" content=\"Est. reading time\" \/>\n\t<meta name=\"twitter:data1\" content=\"1 minute\" \/>\n<script type=\"application\/ld+json\" class=\"yoast-schema-graph\">{\"@context\":\"https:\/\/schema.org\",\"@graph\":[{\"@type\":\"WebPage\",\"@id\":\"https:\/\/aurumoliva.com\/en\/about-us\/\",\"url\":\"https:\/\/aurumoliva.com\/en\/about-us\/\",\"name\":\"About us - Aurum\",\"isPartOf\":{\"@id\":\"https:\/\/aurumoliva.com\/#website\"},\"datePublished\":\"2023-11-10T17:30:06+00:00\",\"dateModified\":\"2024-10-15T12:05:53+00:00\",\"breadcrumb\":{\"@id\":\"https:\/\/aurumoliva.com\/en\/about-us\/#breadcrumb\"},\"inLanguage\":\"en-US\",\"potentialAction\":[{\"@type\":\"ReadAction\",\"target\":[\"https:\/\/aurumoliva.com\/en\/about-us\/\"]}]},{\"@type\":\"BreadcrumbList\",\"@id\":\"https:\/\/aurumoliva.com\/en\/about-us\/#breadcrumb\",\"itemListElement\":[{\"@type\":\"ListItem\",\"position\":1,\"name\":\"Portada\",\"item\":\"https:\/\/aurumoliva.com\/en\/corredor-de-aceite\/\"},{\"@type\":\"ListItem\",\"position\":2,\"name\":\"About us\"}]},{\"@type\":\"WebSite\",\"@id\":\"https:\/\/aurumoliva.com\/#website\",\"url\":\"https:\/\/aurumoliva.com\/\",\"name\":\"Aurum\",\"description\":\"\",\"publisher\":{\"@id\":\"https:\/\/aurumoliva.com\/#organization\"},\"potentialAction\":[{\"@type\":\"SearchAction\",\"target\":{\"@type\":\"EntryPoint\",\"urlTemplate\":\"https:\/\/aurumoliva.com\/?s={search_term_string}\"},\"query-input\":\"required name=search_term_string\"}],\"inLanguage\":\"en-US\"},{\"@type\":\"Organization\",\"@id\":\"https:\/\/aurumoliva.com\/#organization\",\"name\":\"Aurum\",\"url\":\"https:\/\/aurumoliva.com\/\",\"logo\":{\"@type\":\"ImageObject\",\"inLanguage\":\"en-US\",\"@id\":\"https:\/\/aurumoliva.com\/#\/schema\/logo\/image\/\",\"url\":\"https:\/\/aurumoliva.com\/wp-content\/uploads\/2023\/11\/Logotipo.png\",\"contentUrl\":\"https:\/\/aurumoliva.com\/wp-content\/uploads\/2023\/11\/Logotipo.png\",\"width\":201,\"height\":78,\"caption\":\"Aurum\"},\"image\":{\"@id\":\"https:\/\/aurumoliva.com\/#\/schema\/logo\/image\/\"}}]}<\/script>\n<!-- \/ Yoast SEO plugin. -->","yoast_head_json":{"title":"About us - Aurum","robots":{"index":"index","follow":"follow","max-snippet":"max-snippet:-1","max-image-preview":"max-image-preview:large","max-video-preview":"max-video-preview:-1"},"canonical":"https:\/\/aurumoliva.com\/en\/about-us\/","og_locale":"en_US","og_type":"article","og_title":"About us - Aurum","og_description":"About us Olive oil brokers About us Aurum Mediaciones is a company linked to olive oil and all its aspects. This business project is led by Juan Ram\u00f3n Gonz\u00e1lez Fern\u00e1ndez, a young professional in the sector who, despite his young age, has more than a decade of experience, during which he has gradually acquired first-hand [&hellip;]","og_url":"https:\/\/aurumoliva.com\/en\/about-us\/","og_site_name":"Aurum","article_modified_time":"2024-10-15T12:05:53+00:00","og_image":[{"width":201,"height":78,"url":"https:\/\/aurumoliva.com\/wp-content\/uploads\/2023\/11\/Logotipo.png","type":"image\/png"}],"twitter_card":"summary_large_image","twitter_misc":{"Est. reading time":"1 minute"},"schema":{"@context":"https:\/\/schema.org","@graph":[{"@type":"WebPage","@id":"https:\/\/aurumoliva.com\/en\/about-us\/","url":"https:\/\/aurumoliva.com\/en\/about-us\/","name":"About us - Aurum","isPartOf":{"@id":"https:\/\/aurumoliva.com\/#website"},"datePublished":"2023-11-10T17:30:06+00:00","dateModified":"2024-10-15T12:05:53+00:00","breadcrumb":{"@id":"https:\/\/aurumoliva.com\/en\/about-us\/#breadcrumb"},"inLanguage":"en-US","potentialAction":[{"@type":"ReadAction","target":["https:\/\/aurumoliva.com\/en\/about-us\/"]}]},{"@type":"BreadcrumbList","@id":"https:\/\/aurumoliva.com\/en\/about-us\/#breadcrumb","itemListElement":[{"@type":"ListItem","position":1,"name":"Portada","item":"https:\/\/aurumoliva.com\/en\/corredor-de-aceite\/"},{"@type":"ListItem","position":2,"name":"About us"}]},{"@type":"WebSite","@id":"https:\/\/aurumoliva.com\/#website","url":"https:\/\/aurumoliva.com\/","name":"Aurum","description":"","publisher":{"@id":"https:\/\/aurumoliva.com\/#organization"},"potentialAction":[{"@type":"SearchAction","target":{"@type":"EntryPoint","urlTemplate":"https:\/\/aurumoliva.com\/?s={search_term_string}"},"query-input":"required name=search_term_string"}],"inLanguage":"en-US"},{"@type":"Organization","@id":"https:\/\/aurumoliva.com\/#organization","name":"Aurum","url":"https:\/\/aurumoliva.com\/","logo":{"@type":"ImageObject","inLanguage":"en-US","@id":"https:\/\/aurumoliva.com\/#\/schema\/logo\/image\/","url":"https:\/\/aurumoliva.com\/wp-content\/uploads\/2023\/11\/Logotipo.png","contentUrl":"https:\/\/aurumoliva.com\/wp-content\/uploads\/2023\/11\/Logotipo.png","width":201,"height":78,"caption":"Aurum"},"image":{"@id":"https:\/\/aurumoliva.com\/#\/schema\/logo\/image\/"}}]}},"_links":{"self":[{"href":"https:\/\/aurumoliva.com\/en\/wp-json\/wp\/v2\/pages\/934"}],"collection":[{"href":"https:\/\/aurumoliva.com\/en\/wp-json\/wp\/v2\/pages"}],"about":[{"href":"https:\/\/aurumoliva.com\/en\/wp-json\/wp\/v2\/types\/page"}],"author":[{"embeddable":true,"href":"https:\/\/aurumoliva.com\/en\/wp-json\/wp\/v2\/users\/1"}],"replies":[{"embeddable":true,"href":"https:\/\/aurumoliva.com\/en\/wp-json\/wp\/v2\/comments?post=934"}],"version-history":[{"count":0,"href":"https:\/\/aurumoliva.com\/en\/wp-json\/wp\/v2\/pages\/934\/revisions"}],"wp:featuredmedia":[{"embeddable":true,"href":"https:\/\/aurumoliva.com\/en\/wp-json\/wp\/v2\/media\/938"}],"wp:attachment":[{"href":"https:\/\/aurumoliva.com\/en\/wp-json\/wp\/v2\/media?parent=934"}],"curies":[{"name":"wp","href":"https:\/\/api.w.org\/{rel}","templated":true}]}}