{"id":856,"date":"2023-11-10T14:45:48","date_gmt":"2023-11-10T13:45:48","guid":{"rendered":"https:\/\/aurumoliva.com\/corridoio-petrolifero\/"},"modified":"2024-09-10T14:08:26","modified_gmt":"2024-09-10T12:08:26","slug":"corridoio-petrolifero","status":"publish","type":"page","link":"https:\/\/aurumoliva.com\/it\/","title":{"rendered":"Corridoio petrolifero"},"content":{"rendered":"\t\t<div data-elementor-type=\"wp-page\" data-elementor-id=\"856\" class=\"elementor elementor-856 elementor-13\" data-elementor-post-type=\"page\">\n\t\t\t\t\t\t\t<div class=\"elementor-element elementor-element-f4dfa11 e-con-full e-flex e-con e-parent\" data-id=\"f4dfa11\" data-element_type=\"container\" data-settings=\"{&quot;content_width&quot;:&quot;full&quot;,&quot;background_background&quot;:&quot;classic&quot;}\" data-core-v316-plus=\"true\">\n\t\t<div class=\"elementor-element elementor-element-3ac40e2 e-con-full e-flex e-con e-child\" data-id=\"3ac40e2\" data-element_type=\"container\" data-settings=\"{&quot;content_width&quot;:&quot;full&quot;,&quot;background_background&quot;:&quot;classic&quot;,&quot;shape_divider_bottom&quot;:&quot;curve&quot;,&quot;shape_divider_bottom_negative&quot;:&quot;yes&quot;}\">\n\t\t\t\t<div class=\"elementor-shape elementor-shape-bottom\" data-negative=\"true\">\n\t\t\t<svg xmlns=\"http:\/\/www.w3.org\/2000\/svg\" viewBox=\"0 0 1000 100\" preserveAspectRatio=\"none\">\n\t<path class=\"elementor-shape-fill\" d=\"M500,97C126.7,96.3,0.8,19.8,0,0v100l1000,0V1C1000,19.4,873.3,97.8,500,97z\"\/>\n<\/svg>\t\t<\/div>\n\t\t\t\t<div class=\"elementor-element elementor-element-90db31e elementor-invisible elementor-widget elementor-widget-text-editor\" data-id=\"90db31e\" data-element_type=\"widget\" data-settings=\"{&quot;_animation&quot;:&quot;fadeInUp&quot;}\" data-widget_type=\"text-editor.default\">\n\t\t\t\t<div class=\"elementor-widget-container\">\n\t\t\t<style>\/*! elementor - v3.17.0 - 08-11-2023 *\/\n.elementor-widget-text-editor.elementor-drop-cap-view-stacked .elementor-drop-cap{background-color:#69727d;color:#fff}.elementor-widget-text-editor.elementor-drop-cap-view-framed .elementor-drop-cap{color:#69727d;border:3px solid;background-color:transparent}.elementor-widget-text-editor:not(.elementor-drop-cap-view-default) .elementor-drop-cap{margin-top:8px}.elementor-widget-text-editor:not(.elementor-drop-cap-view-default) .elementor-drop-cap-letter{width:1em;height:1em}.elementor-widget-text-editor .elementor-drop-cap{float:left;text-align:center;line-height:1;font-size:50px}.elementor-widget-text-editor .elementor-drop-cap-letter{display:inline-block}<\/style>\t\t\t\t<p>Seriet\u00e0<br \/>Professionalit\u00e0<br \/>Trasparenza<\/p>\t\t\t\t\t\t<\/div>\n\t\t\t\t<\/div>\n\t\t\t\t<div class=\"elementor-element elementor-element-b5a78af elementor-invisible elementor-widget elementor-widget-text-editor\" data-id=\"b5a78af\" data-element_type=\"widget\" data-settings=\"{&quot;_animation&quot;:&quot;fadeInLeft&quot;}\" data-widget_type=\"text-editor.default\">\n\t\t\t\t<div class=\"elementor-widget-container\">\n\t\t\t\t\t\t\t<p style=\"text-align: center;\"><span style=\"color: #f0b70e;\">Broker di olio<span style=\"color: #ffffff;\"> d&#8217;oliva\u00a0sfuso<\/span><\/span><\/p>\t\t\t\t\t\t<\/div>\n\t\t\t\t<\/div>\n\t\t\t\t<\/div>\n\t\t\t\t<\/div>\n\t\t<div class=\"elementor-element elementor-element-3f3081d e-con-full e-flex e-con e-parent\" data-id=\"3f3081d\" data-element_type=\"container\" data-settings=\"{&quot;content_width&quot;:&quot;full&quot;,&quot;background_background&quot;:&quot;classic&quot;}\" data-core-v316-plus=\"true\">\n\t\t<div class=\"elementor-element elementor-element-f7c2fa9 e-flex e-con-boxed e-con e-child\" data-id=\"f7c2fa9\" data-element_type=\"container\" data-settings=\"{&quot;content_width&quot;:&quot;boxed&quot;}\">\n\t\t\t\t\t<div class=\"e-con-inner\">\n\t\t\t\t<div class=\"elementor-element elementor-element-acebf40 elementor-widget elementor-widget-image\" data-id=\"acebf40\" data-element_type=\"widget\" data-widget_type=\"image.default\">\n\t\t\t\t<div class=\"elementor-widget-container\">\n\t\t\t<style>\/*! elementor - v3.17.0 - 08-11-2023 *\/\n.elementor-widget-image{text-align:center}.elementor-widget-image a{display:inline-block}.elementor-widget-image a img[src$=\".svg\"]{width:48px}.elementor-widget-image img{vertical-align:middle;display:inline-block}<\/style>\t\t\t\t\t\t\t\t\t\t\t\t<img decoding=\"async\" width=\"63\" height=\"93\" src=\"https:\/\/aurumoliva.com\/wp-content\/uploads\/2023\/11\/Elemento-home.png\" class=\"attachment-large size-large wp-image-130\" alt=\"Elemento home\" \/>\t\t\t\t\t\t\t\t\t\t\t\t\t\t\t<\/div>\n\t\t\t\t<\/div>\n\t\t\t\t\t<\/div>\n\t\t\t\t<\/div>\n\t\t<div class=\"elementor-element elementor-element-cdc6c09 e-flex e-con-boxed e-con e-child\" data-id=\"cdc6c09\" data-element_type=\"container\" data-settings=\"{&quot;content_width&quot;:&quot;boxed&quot;}\">\n\t\t\t\t\t<div class=\"e-con-inner\">\n\t\t<div class=\"elementor-element elementor-element-b1c143f e-con-full e-flex e-con e-child\" data-id=\"b1c143f\" data-element_type=\"container\" data-settings=\"{&quot;content_width&quot;:&quot;full&quot;}\">\n\t\t\t\t<div class=\"elementor-element elementor-element-f2a2cc7 elementor-invisible elementor-widget elementor-widget-text-editor\" data-id=\"f2a2cc7\" data-element_type=\"widget\" data-settings=\"{&quot;_animation&quot;:&quot;fadeInUp&quot;}\" data-widget_type=\"text-editor.default\">\n\t\t\t\t<div class=\"elementor-widget-container\">\n\t\t\t\t\t\t\t<p>Mediazioni di Aurum<\/p>\n\t\t\t\t\t\t<\/div>\n\t\t\t\t<\/div>\n\t\t\t\t<div class=\"elementor-element elementor-element-c0daf4b elementor-invisible elementor-widget elementor-widget-text-editor\" data-id=\"c0daf4b\" data-element_type=\"widget\" data-settings=\"{&quot;_animation&quot;:&quot;fadeInLeft&quot;,&quot;_animation_delay&quot;:600}\" data-widget_type=\"text-editor.default\">\n\t\t\t\t<div class=\"elementor-widget-container\">\n\t\t\t\t\t\t\t<p>Broker di olio d&#8217;oliva sfuso<\/p>\n\t\t\t\t\t\t<\/div>\n\t\t\t\t<\/div>\n\t\t\t\t<div class=\"elementor-element elementor-element-86e07d0 elementor-widget elementor-widget-text-editor\" data-id=\"86e07d0\" data-element_type=\"widget\" data-widget_type=\"text-editor.default\">\n\t\t\t\t<div class=\"elementor-widget-container\">\n\t\t\t\t\t\t\t<p>Aurum Mediaciones, societ\u00e0 di intermediazione di olio d&#8217;oliva sfuso, lavora sempre direttamente tra venditore e acquirente affinch\u00e9 ci siano le massime garanzie nelle operazioni di compravendita. Se hai bisogno di acquistare o vendere olio d&#8217;oliva sfuso, saremo lieti di contattarti per trovare insieme delle soluzioni. Il nostro obiettivo principale \u00e8 fornire fiducia e sicurezza alle operazioni di acquisto e vendita, mantenendo sempre un rapporto personale con il cliente.  <\/p>\n<p><b>DISPONIBILIT\u00c0 PIENA<\/b> Immediatezza nella risoluzione di ogni scenario che si possa presentare, non ti accompagniamo solo alla chiusura del contratto, ma offriamo anche un servizio totale ed esaustivo durante tutta l&#8217;operazione.<\/p>\n\t\t\t\t\t\t<\/div>\n\t\t\t\t<\/div>\n\t\t\t\t<div class=\"elementor-element elementor-element-bc5d0b7 elementor-mobile-align-center elementor-widget elementor-widget-button\" data-id=\"bc5d0b7\" data-element_type=\"widget\" data-widget_type=\"button.default\">\n\t\t\t\t<div class=\"elementor-widget-container\">\n\t\t\t\t\t<div class=\"elementor-button-wrapper\">\n\t\t\t<a class=\"elementor-button elementor-button-link elementor-size-sm\" href=\"https:\/\/aurumoliva.com\/contacto\/\">\n\t\t\t\t\t\t<span class=\"elementor-button-content-wrapper\">\n\t\t\t\t\t\t<span class=\"elementor-button-text\">+informazioni<\/span>\n\t\t<\/span>\n\t\t\t\t\t<\/a>\n\t\t<\/div>\n\t\t\t\t<\/div>\n\t\t\t\t<\/div>\n\t\t\t\t<\/div>\n\t\t<div class=\"elementor-element elementor-element-c304c72 e-con-full e-flex e-con e-child\" data-id=\"c304c72\" data-element_type=\"container\" data-settings=\"{&quot;content_width&quot;:&quot;full&quot;}\">\n\t\t\t\t<div class=\"elementor-element elementor-element-d8a4315 elementor-widget__width-initial elementor-widget elementor-widget-image\" data-id=\"d8a4315\" data-element_type=\"widget\" data-widget_type=\"image.default\">\n\t\t\t\t<div class=\"elementor-widget-container\">\n\t\t\t\t\t\t\t\t\t\t\t\t\t\t\t<img fetchpriority=\"high\" decoding=\"async\" width=\"800\" height=\"772\" src=\"https:\/\/aurumoliva.com\/wp-content\/uploads\/2023\/11\/Grupo-102.png\" class=\"attachment-large size-large wp-image-44\" alt=\"Grupo 102\" srcset=\"https:\/\/aurumoliva.com\/wp-content\/uploads\/2023\/11\/Grupo-102.png 804w, https:\/\/aurumoliva.com\/wp-content\/uploads\/2023\/11\/Grupo-102-300x290.png 300w, https:\/\/aurumoliva.com\/wp-content\/uploads\/2023\/11\/Grupo-102-768x741.png 768w\" sizes=\"(max-width: 800px) 100vw, 800px\" \/>\t\t\t\t\t\t\t\t\t\t\t\t\t\t\t<\/div>\n\t\t\t\t<\/div>\n\t\t\t\t<\/div>\n\t\t\t\t\t<\/div>\n\t\t\t\t<\/div>\n\t\t\t\t<\/div>\n\t\t<div class=\"elementor-element elementor-element-859e8ad e-con-full e-flex e-con e-parent\" data-id=\"859e8ad\" data-element_type=\"container\" data-settings=\"{&quot;content_width&quot;:&quot;full&quot;,&quot;background_background&quot;:&quot;classic&quot;}\" data-core-v316-plus=\"true\">\n\t\t<div class=\"elementor-element elementor-element-ccd45a3 e-flex e-con-boxed e-con e-child\" data-id=\"ccd45a3\" data-element_type=\"container\" data-settings=\"{&quot;content_width&quot;:&quot;boxed&quot;}\">\n\t\t\t\t\t<div class=\"e-con-inner\">\n\t\t\t\t<div class=\"elementor-element elementor-element-6a95ebb elementor-invisible elementor-widget elementor-widget-text-editor\" data-id=\"6a95ebb\" data-element_type=\"widget\" data-settings=\"{&quot;_animation&quot;:&quot;fadeInUp&quot;}\" data-widget_type=\"text-editor.default\">\n\t\t\t\t<div class=\"elementor-widget-container\">\n\t\t\t\t\t\t\t<p>Il nostro obiettivo<\/p>\n\t\t\t\t\t\t<\/div>\n\t\t\t\t<\/div>\n\t\t\t\t<div class=\"elementor-element elementor-element-c864c84 elementor-invisible elementor-widget elementor-widget-text-editor\" data-id=\"c864c84\" data-element_type=\"widget\" data-settings=\"{&quot;_animation&quot;:&quot;fadeInLeft&quot;}\" data-widget_type=\"text-editor.default\">\n\t\t\t\t<div class=\"elementor-widget-container\">\n\t\t\t\t\t\t\t<p>I nostri clienti prima di tutto<\/p>\n\t\t\t\t\t\t<\/div>\n\t\t\t\t<\/div>\n\t\t\t\t<div class=\"elementor-element elementor-element-ad05359 elementor-widget__width-initial elementor-widget elementor-widget-text-editor\" data-id=\"ad05359\" data-element_type=\"widget\" data-widget_type=\"text-editor.default\">\n\t\t\t\t<div class=\"elementor-widget-container\">\n\t\t\t\t\t\t\t<p>Siamo molto consapevoli della grande responsabilit\u00e0 che hanno le aziende che si affidano ad Aurum Mediaciones, per questo prendiamo molto sul serio il nostro lavoro, anteponendo gli interessi dei nostri clienti ai nostri perch\u00e9 per noi, in fin dei conti, sono loro stessi. Il desiderio di Aurum Mediaciones non \u00e8 quello di perseguire un grande volume di affari, bens\u00ec un business sano, forte e duraturo nel tempo, ricette che porteranno senza dubbio ad una crescita di qualit\u00e0. C&#8217;\u00e8 cos\u00ec tanta dedizione e amore per il nostro lavoro che i nostri clienti diventano buoni amici e ci piace contemplare i loro successi professionali.  <\/p>\n\t\t\t\t\t\t<\/div>\n\t\t\t\t<\/div>\n\t\t\t\t\t<\/div>\n\t\t\t\t<\/div>\n\t\t\t\t<div class=\"elementor-element elementor-element-84d629f elementor-align-center elementor-widget elementor-widget-button\" data-id=\"84d629f\" data-element_type=\"widget\" data-widget_type=\"button.default\">\n\t\t\t\t<div class=\"elementor-widget-container\">\n\t\t\t\t\t<div class=\"elementor-button-wrapper\">\n\t\t\t<a class=\"elementor-button elementor-button-link elementor-size-sm\" href=\"https:\/\/aurumoliva.com\/contacto\/\">\n\t\t\t\t\t\t<span class=\"elementor-button-content-wrapper\">\n\t\t\t\t\t\t<span class=\"elementor-button-text\">+informazioni<\/span>\n\t\t<\/span>\n\t\t\t\t\t<\/a>\n\t\t<\/div>\n\t\t\t\t<\/div>\n\t\t\t\t<\/div>\n\t\t\t\t<\/div>\n\t\t<div class=\"elementor-element elementor-element-36f1417 e-con-full e-flex e-con e-parent\" data-id=\"36f1417\" data-element_type=\"container\" data-settings=\"{&quot;content_width&quot;:&quot;full&quot;,&quot;background_background&quot;:&quot;classic&quot;,&quot;shape_divider_bottom&quot;:&quot;waves&quot;}\" data-core-v316-plus=\"true\">\n\t\t\t\t<div class=\"elementor-shape elementor-shape-bottom\" data-negative=\"false\">\n\t\t\t<svg xmlns=\"http:\/\/www.w3.org\/2000\/svg\" viewBox=\"0 0 1000 100\" preserveAspectRatio=\"none\">\n\t<path class=\"elementor-shape-fill\" d=\"M421.9,6.5c22.6-2.5,51.5,0.4,75.5,5.3c23.6,4.9,70.9,23.5,100.5,35.7c75.8,32.2,133.7,44.5,192.6,49.7\n\tc23.6,2.1,48.7,3.5,103.4-2.5c54.7-6,106.2-25.6,106.2-25.6V0H0v30.3c0,0,72,32.6,158.4,30.5c39.2-0.7,92.8-6.7,134-22.4\n\tc21.2-8.1,52.2-18.2,79.7-24.2C399.3,7.9,411.6,7.5,421.9,6.5z\"\/>\n<\/svg>\t\t<\/div>\n\t\t<div class=\"elementor-element elementor-element-e7c5c21 e-flex e-con-boxed e-con e-child\" data-id=\"e7c5c21\" data-element_type=\"container\" data-settings=\"{&quot;content_width&quot;:&quot;boxed&quot;}\">\n\t\t\t\t\t<div class=\"e-con-inner\">\n\t\t<div class=\"elementor-element elementor-element-10d7b0b e-con-full e-flex e-con e-child\" data-id=\"10d7b0b\" data-element_type=\"container\" data-settings=\"{&quot;content_width&quot;:&quot;full&quot;}\">\n\t\t\t\t<div class=\"elementor-element elementor-element-a815fab elementor-invisible elementor-widget elementor-widget-text-editor\" data-id=\"a815fab\" data-element_type=\"widget\" data-settings=\"{&quot;_animation&quot;:&quot;fadeInUp&quot;}\" data-widget_type=\"text-editor.default\">\n\t\t\t\t<div class=\"elementor-widget-container\">\n\t\t\t\t\t\t\t<p>I nostri clienti<\/p>\n\t\t\t\t\t\t<\/div>\n\t\t\t\t<\/div>\n\t\t\t\t<div class=\"elementor-element elementor-element-67cfdbb elementor-invisible elementor-widget elementor-widget-text-editor\" data-id=\"67cfdbb\" data-element_type=\"widget\" data-settings=\"{&quot;_animation&quot;:&quot;fadeInLeft&quot;}\" data-widget_type=\"text-editor.default\">\n\t\t\t\t<div class=\"elementor-widget-container\">\n\t\t\t\t\t\t\t<p>Produttori e acquirenti<\/p>\n\t\t\t\t\t\t<\/div>\n\t\t\t\t<\/div>\n\t\t\t\t<div class=\"elementor-element elementor-element-a43e3ed elementor-widget elementor-widget-text-editor\" data-id=\"a43e3ed\" data-element_type=\"widget\" data-widget_type=\"text-editor.default\">\n\t\t\t\t<div class=\"elementor-widget-container\">\n\t\t\t\t\t\t\t<p>Aurum Mediaciones ha un portafoglio molto ampio ed eterogeneo di produttori di olio d&#8217;oliva. Produttori sia in regime cooperativo che privato, in tutto l&#8217;areale della penisola iberica. Allo stesso modo intrattiene rapporti di massima fiducia e di lavoro quotidiano con aziende acquirenti di olio d&#8217;oliva di riconosciuto prestigio. Siamo quindi in grado di commercializzare il vostro olio d&#8217;oliva ricercando l&#8217;azienda pi\u00f9 adatta che valorizzi al meglio il vostro prodotto, con il valore aggiunto di averci sempre al vostro fianco, prima, durante e dopo la chiusura di ogni operazione.   <\/p>\n\t\t\t\t\t\t<\/div>\n\t\t\t\t<\/div>\n\t\t\t\t<div class=\"elementor-element elementor-element-9eacd8b elementor-mobile-align-center elementor-widget elementor-widget-button\" data-id=\"9eacd8b\" data-element_type=\"widget\" data-widget_type=\"button.default\">\n\t\t\t\t<div class=\"elementor-widget-container\">\n\t\t\t\t\t<div class=\"elementor-button-wrapper\">\n\t\t\t<a class=\"elementor-button elementor-button-link elementor-size-sm\" href=\"https:\/\/aurumoliva.com\/contacto\/\">\n\t\t\t\t\t\t<span class=\"elementor-button-content-wrapper\">\n\t\t\t\t\t\t<span class=\"elementor-button-text\">Contatto<\/span>\n\t\t<\/span>\n\t\t\t\t\t<\/a>\n\t\t<\/div>\n\t\t\t\t<\/div>\n\t\t\t\t<\/div>\n\t\t\t\t<\/div>\n\t\t<div class=\"elementor-element elementor-element-54a0c4d e-con-full e-flex e-con e-child\" data-id=\"54a0c4d\" data-element_type=\"container\" data-settings=\"{&quot;content_width&quot;:&quot;full&quot;}\">\n\t\t\t\t<div class=\"elementor-element elementor-element-6ad4df4 elementor-widget__width-initial elementor-widget elementor-widget-image\" data-id=\"6ad4df4\" data-element_type=\"widget\" data-widget_type=\"image.default\">\n\t\t\t\t<div class=\"elementor-widget-container\">\n\t\t\t\t\t\t\t\t\t\t\t\t\t\t\t<img decoding=\"async\" width=\"756\" height=\"781\" src=\"https:\/\/aurumoliva.com\/wp-content\/uploads\/2023\/11\/Grupo-103.png\" class=\"attachment-large size-large wp-image-171\" alt=\"Grupo 103\" srcset=\"https:\/\/aurumoliva.com\/wp-content\/uploads\/2023\/11\/Grupo-103.png 756w, https:\/\/aurumoliva.com\/wp-content\/uploads\/2023\/11\/Grupo-103-290x300.png 290w\" sizes=\"(max-width: 756px) 100vw, 756px\" \/>\t\t\t\t\t\t\t\t\t\t\t\t\t\t\t<\/div>\n\t\t\t\t<\/div>\n\t\t\t\t<\/div>\n\t\t\t\t\t<\/div>\n\t\t\t\t<\/div>\n\t\t\t\t<\/div>\n\t\t\t\t\t\t\t<\/div>\n\t\t","protected":false},"excerpt":{"rendered":"<p>Seriet\u00e0Professionalit\u00e0Trasparenza Broker di olio d&#8217;oliva\u00a0sfuso Mediazioni di Aurum Broker di olio d&#8217;oliva sfuso Aurum Mediaciones, societ\u00e0 di intermediazione di olio d&#8217;oliva sfuso, lavora sempre direttamente tra venditore e acquirente affinch\u00e9 ci siano le massime garanzie nelle operazioni di compravendita. Se hai bisogno di acquistare o vendere olio d&#8217;oliva sfuso, saremo lieti di contattarti per trovare [&hellip;]<\/p>\n","protected":false},"author":1,"featured_media":842,"parent":0,"menu_order":0,"comment_status":"closed","ping_status":"closed","template":"","meta":{"footnotes":""},"yoast_head":"<!-- This site is optimized with the Yoast SEO plugin v21.5 - https:\/\/yoast.com\/wordpress\/plugins\/seo\/ -->\n<title>Broker di olio d&#039;oliva sfuso - Aurum<\/title>\n<meta name=\"description\" content=\"Broker di olio d&#039;oliva sfuso; sempre direttamente tra venditore e acquirente, massime garanzie nelle operazioni ...\" \/>\n<meta name=\"robots\" content=\"index, follow, max-snippet:-1, max-image-preview:large, max-video-preview:-1\" \/>\n<link rel=\"canonical\" href=\"https:\/\/aurumoliva.com\/\" \/>\n<meta property=\"og:locale\" content=\"it_IT\" \/>\n<meta property=\"og:type\" content=\"article\" \/>\n<meta property=\"og:title\" content=\"Broker di olio d&#039;oliva sfuso - Aurum\" \/>\n<meta property=\"og:description\" content=\"Broker di olio d&#039;oliva sfuso; sempre direttamente tra venditore e acquirente, massime garanzie nelle operazioni ...\" \/>\n<meta property=\"og:url\" content=\"https:\/\/aurumoliva.com\/\" \/>\n<meta property=\"og:site_name\" content=\"Aurum\" \/>\n<meta property=\"article:modified_time\" content=\"2024-09-10T12:08:26+00:00\" \/>\n<meta property=\"og:image\" content=\"https:\/\/aurumoliva.com\/wp-content\/uploads\/2023\/10\/favicon.png\" \/>\n\t<meta property=\"og:image:width\" content=\"218\" \/>\n\t<meta property=\"og:image:height\" content=\"217\" \/>\n\t<meta property=\"og:image:type\" content=\"image\/png\" \/>\n<meta name=\"twitter:card\" content=\"summary_large_image\" \/>\n<meta name=\"twitter:label1\" content=\"Tempo di lettura stimato\" \/>\n\t<meta name=\"twitter:data1\" content=\"3 minuti\" \/>\n<script type=\"application\/ld+json\" class=\"yoast-schema-graph\">{\"@context\":\"https:\/\/schema.org\",\"@graph\":[{\"@type\":\"WebPage\",\"@id\":\"https:\/\/aurumoliva.com\/\",\"url\":\"https:\/\/aurumoliva.com\/\",\"name\":\"Broker di olio d'oliva sfuso - Aurum\",\"isPartOf\":{\"@id\":\"https:\/\/aurumoliva.com\/#website\"},\"datePublished\":\"2023-11-10T13:45:48+00:00\",\"dateModified\":\"2024-09-10T12:08:26+00:00\",\"description\":\"Broker di olio d'oliva sfuso; sempre direttamente tra venditore e acquirente, massime garanzie nelle operazioni ...\",\"breadcrumb\":{\"@id\":\"https:\/\/aurumoliva.com\/#breadcrumb\"},\"inLanguage\":\"it-IT\",\"potentialAction\":[{\"@type\":\"ReadAction\",\"target\":[\"https:\/\/aurumoliva.com\/\"]}]},{\"@type\":\"BreadcrumbList\",\"@id\":\"https:\/\/aurumoliva.com\/#breadcrumb\",\"itemListElement\":[{\"@type\":\"ListItem\",\"position\":1,\"name\":\"Portada\",\"item\":\"https:\/\/aurumoliva.com\/\"},{\"@type\":\"ListItem\",\"position\":2,\"name\":\"Corridoio petrolifero\"}]},{\"@type\":\"WebSite\",\"@id\":\"https:\/\/aurumoliva.com\/#website\",\"url\":\"https:\/\/aurumoliva.com\/\",\"name\":\"Aurum\",\"description\":\"\",\"publisher\":{\"@id\":\"https:\/\/aurumoliva.com\/#organization\"},\"potentialAction\":[{\"@type\":\"SearchAction\",\"target\":{\"@type\":\"EntryPoint\",\"urlTemplate\":\"https:\/\/aurumoliva.com\/?s={search_term_string}\"},\"query-input\":\"required name=search_term_string\"}],\"inLanguage\":\"it-IT\"},{\"@type\":\"Organization\",\"@id\":\"https:\/\/aurumoliva.com\/#organization\",\"name\":\"Aurum\",\"url\":\"https:\/\/aurumoliva.com\/\",\"logo\":{\"@type\":\"ImageObject\",\"inLanguage\":\"it-IT\",\"@id\":\"https:\/\/aurumoliva.com\/#\/schema\/logo\/image\/\",\"url\":\"https:\/\/aurumoliva.com\/wp-content\/uploads\/2023\/11\/Logotipo.png\",\"contentUrl\":\"https:\/\/aurumoliva.com\/wp-content\/uploads\/2023\/11\/Logotipo.png\",\"width\":201,\"height\":78,\"caption\":\"Aurum\"},\"image\":{\"@id\":\"https:\/\/aurumoliva.com\/#\/schema\/logo\/image\/\"}}]}<\/script>\n<!-- \/ Yoast SEO plugin. -->","yoast_head_json":{"title":"Broker di olio d'oliva sfuso - Aurum","description":"Broker di olio d'oliva sfuso; sempre direttamente tra venditore e acquirente, massime garanzie nelle operazioni ...","robots":{"index":"index","follow":"follow","max-snippet":"max-snippet:-1","max-image-preview":"max-image-preview:large","max-video-preview":"max-video-preview:-1"},"canonical":"https:\/\/aurumoliva.com\/","og_locale":"it_IT","og_type":"article","og_title":"Broker di olio d'oliva sfuso - Aurum","og_description":"Broker di olio d'oliva sfuso; sempre direttamente tra venditore e acquirente, massime garanzie nelle operazioni ...","og_url":"https:\/\/aurumoliva.com\/","og_site_name":"Aurum","article_modified_time":"2024-09-10T12:08:26+00:00","og_image":[{"width":218,"height":217,"url":"https:\/\/aurumoliva.com\/wp-content\/uploads\/2023\/10\/favicon.png","type":"image\/png"}],"twitter_card":"summary_large_image","twitter_misc":{"Tempo di lettura stimato":"3 minuti"},"schema":{"@context":"https:\/\/schema.org","@graph":[{"@type":"WebPage","@id":"https:\/\/aurumoliva.com\/","url":"https:\/\/aurumoliva.com\/","name":"Broker di olio d'oliva sfuso - Aurum","isPartOf":{"@id":"https:\/\/aurumoliva.com\/#website"},"datePublished":"2023-11-10T13:45:48+00:00","dateModified":"2024-09-10T12:08:26+00:00","description":"Broker di olio d'oliva sfuso; sempre direttamente tra venditore e acquirente, massime garanzie nelle operazioni ...","breadcrumb":{"@id":"https:\/\/aurumoliva.com\/#breadcrumb"},"inLanguage":"it-IT","potentialAction":[{"@type":"ReadAction","target":["https:\/\/aurumoliva.com\/"]}]},{"@type":"BreadcrumbList","@id":"https:\/\/aurumoliva.com\/#breadcrumb","itemListElement":[{"@type":"ListItem","position":1,"name":"Portada","item":"https:\/\/aurumoliva.com\/"},{"@type":"ListItem","position":2,"name":"Corridoio petrolifero"}]},{"@type":"WebSite","@id":"https:\/\/aurumoliva.com\/#website","url":"https:\/\/aurumoliva.com\/","name":"Aurum","description":"","publisher":{"@id":"https:\/\/aurumoliva.com\/#organization"},"potentialAction":[{"@type":"SearchAction","target":{"@type":"EntryPoint","urlTemplate":"https:\/\/aurumoliva.com\/?s={search_term_string}"},"query-input":"required name=search_term_string"}],"inLanguage":"it-IT"},{"@type":"Organization","@id":"https:\/\/aurumoliva.com\/#organization","name":"Aurum","url":"https:\/\/aurumoliva.com\/","logo":{"@type":"ImageObject","inLanguage":"it-IT","@id":"https:\/\/aurumoliva.com\/#\/schema\/logo\/image\/","url":"https:\/\/aurumoliva.com\/wp-content\/uploads\/2023\/11\/Logotipo.png","contentUrl":"https:\/\/aurumoliva.com\/wp-content\/uploads\/2023\/11\/Logotipo.png","width":201,"height":78,"caption":"Aurum"},"image":{"@id":"https:\/\/aurumoliva.com\/#\/schema\/logo\/image\/"}}]}},"_links":{"self":[{"href":"https:\/\/aurumoliva.com\/it\/wp-json\/wp\/v2\/pages\/856"}],"collection":[{"href":"https:\/\/aurumoliva.com\/it\/wp-json\/wp\/v2\/pages"}],"about":[{"href":"https:\/\/aurumoliva.com\/it\/wp-json\/wp\/v2\/types\/page"}],"author":[{"embeddable":true,"href":"https:\/\/aurumoliva.com\/it\/wp-json\/wp\/v2\/users\/1"}],"replies":[{"embeddable":true,"href":"https:\/\/aurumoliva.com\/it\/wp-json\/wp\/v2\/comments?post=856"}],"version-history":[{"count":0,"href":"https:\/\/aurumoliva.com\/it\/wp-json\/wp\/v2\/pages\/856\/revisions"}],"wp:featuredmedia":[{"embeddable":true,"href":"https:\/\/aurumoliva.com\/it\/wp-json\/wp\/v2\/media\/842"}],"wp:attachment":[{"href":"https:\/\/aurumoliva.com\/it\/wp-json\/wp\/v2\/media?parent=856"}],"curies":[{"name":"wp","href":"https:\/\/api.w.org\/{rel}","templated":true}]}}