{"id":865,"date":"2024-09-02T09:39:40","date_gmt":"2024-09-02T07:39:40","guid":{"rendered":"https:\/\/aurumoliva.com\/cosa-offriamo\/"},"modified":"2024-09-10T14:07:48","modified_gmt":"2024-09-10T12:07:48","slug":"cosa-offriamo","status":"publish","type":"page","link":"https:\/\/aurumoliva.com\/it\/cosa-offriamo\/","title":{"rendered":"Cosa offriamo"},"content":{"rendered":"\t\t<div data-elementor-type=\"wp-page\" data-elementor-id=\"865\" class=\"elementor elementor-865 elementor-789\" data-elementor-post-type=\"page\">\n\t\t\t\t\t\t\t<div class=\"elementor-element elementor-element-f19a35d e-con-full e-flex e-con e-child\" data-id=\"f19a35d\" data-element_type=\"container\" data-settings=\"{&quot;content_width&quot;:&quot;full&quot;,&quot;background_background&quot;:&quot;classic&quot;,&quot;shape_divider_bottom&quot;:&quot;curve&quot;,&quot;shape_divider_bottom_negative&quot;:&quot;yes&quot;}\">\n\t\t\t\t<div class=\"elementor-shape elementor-shape-bottom\" data-negative=\"true\">\n\t\t\t<svg xmlns=\"http:\/\/www.w3.org\/2000\/svg\" viewBox=\"0 0 1000 100\" preserveAspectRatio=\"none\">\n\t<path class=\"elementor-shape-fill\" d=\"M500,97C126.7,96.3,0.8,19.8,0,0v100l1000,0V1C1000,19.4,873.3,97.8,500,97z\"\/>\n<\/svg>\t\t<\/div>\n\t\t\t\t<div class=\"elementor-element elementor-element-608dd07 elementor-invisible elementor-widget elementor-widget-text-editor\" data-id=\"608dd07\" data-element_type=\"widget\" data-settings=\"{&quot;_animation&quot;:&quot;fadeInUp&quot;}\" data-widget_type=\"text-editor.default\">\n\t\t\t\t<div class=\"elementor-widget-container\">\n\t\t\t<style>\/*! elementor - v3.17.0 - 08-11-2023 *\/\n.elementor-widget-text-editor.elementor-drop-cap-view-stacked .elementor-drop-cap{background-color:#69727d;color:#fff}.elementor-widget-text-editor.elementor-drop-cap-view-framed .elementor-drop-cap{color:#69727d;border:3px solid;background-color:transparent}.elementor-widget-text-editor:not(.elementor-drop-cap-view-default) .elementor-drop-cap{margin-top:8px}.elementor-widget-text-editor:not(.elementor-drop-cap-view-default) .elementor-drop-cap-letter{width:1em;height:1em}.elementor-widget-text-editor .elementor-drop-cap{float:left;text-align:center;line-height:1;font-size:50px}.elementor-widget-text-editor .elementor-drop-cap-letter{display:inline-block}<\/style>\t\t\t\t<p class=\"p1\"><span class=\"s1\">Cosa offriamo?<\/span><\/p>\n\t\t\t\t\t\t<\/div>\n\t\t\t\t<\/div>\n\t\t\t\t<div class=\"elementor-element elementor-element-f10b54c elementor-invisible elementor-widget elementor-widget-text-editor\" data-id=\"f10b54c\" data-element_type=\"widget\" data-settings=\"{&quot;_animation&quot;:&quot;fadeInLeft&quot;}\" data-widget_type=\"text-editor.default\">\n\t\t\t\t<div class=\"elementor-widget-container\">\n\t\t\t\t\t\t\t<p style=\"text-align: center;\"><span style=\"color: #f0b70e;\">Broker di olio<\/span> <span style=\"color: #ffffff;\">d&#8217;oliva sfuso<\/span><\/p>\t\t\t\t\t\t<\/div>\n\t\t\t\t<\/div>\n\t\t\t\t<\/div>\n\t\t<div class=\"elementor-element elementor-element-cde5797 e-con-full e-flex e-con e-child\" data-id=\"cde5797\" data-element_type=\"container\" data-settings=\"{&quot;content_width&quot;:&quot;full&quot;,&quot;background_background&quot;:&quot;classic&quot;,&quot;shape_divider_bottom&quot;:&quot;waves&quot;}\">\n\t\t\t\t<div class=\"elementor-shape elementor-shape-bottom\" data-negative=\"false\">\n\t\t\t<svg xmlns=\"http:\/\/www.w3.org\/2000\/svg\" viewBox=\"0 0 1000 100\" preserveAspectRatio=\"none\">\n\t<path class=\"elementor-shape-fill\" d=\"M421.9,6.5c22.6-2.5,51.5,0.4,75.5,5.3c23.6,4.9,70.9,23.5,100.5,35.7c75.8,32.2,133.7,44.5,192.6,49.7\n\tc23.6,2.1,48.7,3.5,103.4-2.5c54.7-6,106.2-25.6,106.2-25.6V0H0v30.3c0,0,72,32.6,158.4,30.5c39.2-0.7,92.8-6.7,134-22.4\n\tc21.2-8.1,52.2-18.2,79.7-24.2C399.3,7.9,411.6,7.5,421.9,6.5z\"\/>\n<\/svg>\t\t<\/div>\n\t\t\t\t<div class=\"elementor-element elementor-element-5e82621 elementor-widget elementor-widget-image\" data-id=\"5e82621\" data-element_type=\"widget\" data-widget_type=\"image.default\">\n\t\t\t\t<div class=\"elementor-widget-container\">\n\t\t\t<style>\/*! elementor - v3.17.0 - 08-11-2023 *\/\n.elementor-widget-image{text-align:center}.elementor-widget-image a{display:inline-block}.elementor-widget-image a img[src$=\".svg\"]{width:48px}.elementor-widget-image img{vertical-align:middle;display:inline-block}<\/style>\t\t\t\t\t\t\t\t\t\t\t\t<img decoding=\"async\" width=\"63\" height=\"93\" src=\"https:\/\/aurumoliva.com\/wp-content\/uploads\/2023\/11\/Elemento-home.png\" class=\"attachment-large size-large wp-image-130\" alt=\"Elemento home\" \/>\t\t\t\t\t\t\t\t\t\t\t\t\t\t\t<\/div>\n\t\t\t\t<\/div>\n\t\t<div class=\"elementor-element elementor-element-237f3d6 e-flex e-con-boxed e-con e-child\" data-id=\"237f3d6\" data-element_type=\"container\" data-settings=\"{&quot;content_width&quot;:&quot;boxed&quot;}\">\n\t\t\t\t\t<div class=\"e-con-inner\">\n\t\t<div class=\"elementor-element elementor-element-aa819d6 e-con-full e-flex e-con e-child\" data-id=\"aa819d6\" data-element_type=\"container\" data-settings=\"{&quot;content_width&quot;:&quot;full&quot;}\">\n\t\t\t\t<div class=\"elementor-element elementor-element-4af2adb elementor-position-left elementor-view-default elementor-mobile-position-top elementor-vertical-align-top elementor-widget elementor-widget-icon-box\" data-id=\"4af2adb\" data-element_type=\"widget\" data-widget_type=\"icon-box.default\">\n\t\t\t\t<div class=\"elementor-widget-container\">\n\t\t\t<link rel=\"stylesheet\" href=\"https:\/\/aurumoliva.com\/wp-content\/plugins\/elementor\/assets\/css\/widget-icon-box.min.css\">\t\t<div class=\"elementor-icon-box-wrapper\">\n\t\t\t\t\t\t<div class=\"elementor-icon-box-icon\">\n\t\t\t\t<span  class=\"elementor-icon elementor-animation-\">\n\t\t\t\t<i aria-hidden=\"true\" class=\"far fa-window-minimize\"><\/i>\t\t\t\t<\/span>\n\t\t\t<\/div>\n\t\t\t\t\t\t<div class=\"elementor-icon-box-content\">\n\t\t\t\t<h3 class=\"elementor-icon-box-title\">\n\t\t\t\t\t<span  >\n\t\t\t\t\t\tCollaboratori fidati\t\t\t\t\t<\/span>\n\t\t\t\t<\/h3>\n\t\t\t\t\t\t\t\t\t<p class=\"elementor-icon-box-description\">\n\t\t\t\t\t\tAbbiamo una riconosciuta esperienza nel settore. Una vasta rete di aziende collaboratrici, sempre affidabili. Disponiamo di una vasta gamma di collaboratori nazionali ed internazionali.   \t\t\t\t\t<\/p>\n\t\t\t\t\t\t\t<\/div>\n\t\t<\/div>\n\t\t\t\t<\/div>\n\t\t\t\t<\/div>\n\t\t\t\t<div class=\"elementor-element elementor-element-1e41315 elementor-widget elementor-widget-spacer\" data-id=\"1e41315\" data-element_type=\"widget\" data-widget_type=\"spacer.default\">\n\t\t\t\t<div class=\"elementor-widget-container\">\n\t\t\t<style>\/*! elementor - v3.17.0 - 08-11-2023 *\/\n.elementor-column .elementor-spacer-inner{height:var(--spacer-size)}.e-con{--container-widget-width:100%}.e-con-inner>.elementor-widget-spacer,.e-con>.elementor-widget-spacer{width:var(--container-widget-width,var(--spacer-size));--align-self:var(--container-widget-align-self,initial);--flex-shrink:0}.e-con-inner>.elementor-widget-spacer>.elementor-widget-container,.e-con>.elementor-widget-spacer>.elementor-widget-container{height:100%;width:100%}.e-con-inner>.elementor-widget-spacer>.elementor-widget-container>.elementor-spacer,.e-con>.elementor-widget-spacer>.elementor-widget-container>.elementor-spacer{height:100%}.e-con-inner>.elementor-widget-spacer>.elementor-widget-container>.elementor-spacer>.elementor-spacer-inner,.e-con>.elementor-widget-spacer>.elementor-widget-container>.elementor-spacer>.elementor-spacer-inner{height:var(--container-widget-height,var(--spacer-size))}.e-con-inner>.elementor-widget-spacer.elementor-widget-empty,.e-con>.elementor-widget-spacer.elementor-widget-empty{position:relative;min-height:22px;min-width:22px}.e-con-inner>.elementor-widget-spacer.elementor-widget-empty .elementor-widget-empty-icon,.e-con>.elementor-widget-spacer.elementor-widget-empty .elementor-widget-empty-icon{position:absolute;top:0;bottom:0;left:0;right:0;margin:auto;padding:0;width:22px;height:22px}<\/style>\t\t<div class=\"elementor-spacer\">\n\t\t\t<div class=\"elementor-spacer-inner\"><\/div>\n\t\t<\/div>\n\t\t\t\t<\/div>\n\t\t\t\t<\/div>\n\t\t\t\t<div class=\"elementor-element elementor-element-ee3170b elementor-position-left elementor-view-default elementor-mobile-position-top elementor-vertical-align-top elementor-widget elementor-widget-icon-box\" data-id=\"ee3170b\" data-element_type=\"widget\" data-widget_type=\"icon-box.default\">\n\t\t\t\t<div class=\"elementor-widget-container\">\n\t\t\t\t\t<div class=\"elementor-icon-box-wrapper\">\n\t\t\t\t\t\t<div class=\"elementor-icon-box-icon\">\n\t\t\t\t<span  class=\"elementor-icon elementor-animation-\">\n\t\t\t\t<i aria-hidden=\"true\" class=\"far fa-window-minimize\"><\/i>\t\t\t\t<\/span>\n\t\t\t<\/div>\n\t\t\t\t\t\t<div class=\"elementor-icon-box-content\">\n\t\t\t\t<h3 class=\"elementor-icon-box-title\">\n\t\t\t\t\t<span  >\n\t\t\t\t\t\tAccompagnamento\t\t\t\t\t<\/span>\n\t\t\t\t<\/h3>\n\t\t\t\t\t\t\t\t\t<p class=\"elementor-icon-box-description\">\n\t\t\t\t\t\tGestiamo e supervisioniamo attentamente le transazioni, dall'inizio alla fine. Non lasciamo nulla in sospeso e cerchiamo la soddisfazione dei nostri clienti.  \t\t\t\t\t<\/p>\n\t\t\t\t\t\t\t<\/div>\n\t\t<\/div>\n\t\t\t\t<\/div>\n\t\t\t\t<\/div>\n\t\t\t\t<div class=\"elementor-element elementor-element-714a73b elementor-widget elementor-widget-spacer\" data-id=\"714a73b\" data-element_type=\"widget\" data-widget_type=\"spacer.default\">\n\t\t\t\t<div class=\"elementor-widget-container\">\n\t\t\t\t\t<div class=\"elementor-spacer\">\n\t\t\t<div class=\"elementor-spacer-inner\"><\/div>\n\t\t<\/div>\n\t\t\t\t<\/div>\n\t\t\t\t<\/div>\n\t\t\t\t<div class=\"elementor-element elementor-element-00863d9 elementor-position-left elementor-view-default elementor-mobile-position-top elementor-vertical-align-top elementor-widget elementor-widget-icon-box\" data-id=\"00863d9\" data-element_type=\"widget\" data-widget_type=\"icon-box.default\">\n\t\t\t\t<div class=\"elementor-widget-container\">\n\t\t\t\t\t<div class=\"elementor-icon-box-wrapper\">\n\t\t\t\t\t\t<div class=\"elementor-icon-box-icon\">\n\t\t\t\t<span  class=\"elementor-icon elementor-animation-\">\n\t\t\t\t<i aria-hidden=\"true\" class=\"far fa-window-minimize\"><\/i>\t\t\t\t<\/span>\n\t\t\t<\/div>\n\t\t\t\t\t\t<div class=\"elementor-icon-box-content\">\n\t\t\t\t<h3 class=\"elementor-icon-box-title\">\n\t\t\t\t\t<span  >\n\t\t\t\t\t\tEsperienza e know-how\t\t\t\t\t<\/span>\n\t\t\t\t<\/h3>\n\t\t\t\t\t\t\t\t\t<p class=\"elementor-icon-box-description\">\n\t\t\t\t\t\tAbbiamo un team con pi\u00f9 di 10 anni di esperienza nel settore, esperti in olio d'oliva e commercio estero. Degustatori con esperienza, un team preparato con titoli universitari e seriet\u00e0.  \t\t\t\t\t<\/p>\n\t\t\t\t\t\t\t<\/div>\n\t\t<\/div>\n\t\t\t\t<\/div>\n\t\t\t\t<\/div>\n\t\t\t\t<div class=\"elementor-element elementor-element-525ff5a elementor-widget elementor-widget-spacer\" data-id=\"525ff5a\" data-element_type=\"widget\" data-widget_type=\"spacer.default\">\n\t\t\t\t<div class=\"elementor-widget-container\">\n\t\t\t\t\t<div class=\"elementor-spacer\">\n\t\t\t<div class=\"elementor-spacer-inner\"><\/div>\n\t\t<\/div>\n\t\t\t\t<\/div>\n\t\t\t\t<\/div>\n\t\t\t\t<div class=\"elementor-element elementor-element-790e06a elementor-position-left elementor-view-default elementor-mobile-position-top elementor-vertical-align-top elementor-widget elementor-widget-icon-box\" data-id=\"790e06a\" data-element_type=\"widget\" data-widget_type=\"icon-box.default\">\n\t\t\t\t<div class=\"elementor-widget-container\">\n\t\t\t\t\t<div class=\"elementor-icon-box-wrapper\">\n\t\t\t\t\t\t<div class=\"elementor-icon-box-icon\">\n\t\t\t\t<span  class=\"elementor-icon elementor-animation-\">\n\t\t\t\t<i aria-hidden=\"true\" class=\"far fa-window-minimize\"><\/i>\t\t\t\t<\/span>\n\t\t\t<\/div>\n\t\t\t\t\t\t<div class=\"elementor-icon-box-content\">\n\t\t\t\t<h3 class=\"elementor-icon-box-title\">\n\t\t\t\t\t<span  >\n\t\t\t\t\t\tInformazioni rilevanti\t\t\t\t\t<\/span>\n\t\t\t\t<\/h3>\n\t\t\t\t\t\t\t\t\t<p class=\"elementor-icon-box-description\">\n\t\t\t\t\t\tInformazioni rilevanti sul mercato petrolifero per aiutarti a prendere decisioni. Se c'\u00e8 una cosa che caratterizza Juan Ram\u00f3n \u00e8 che qualunque sia il giorno della settimana, sar\u00e0 sempre disponibile per darti le informazioni pi\u00f9 precise al momento giusto. Da domenica a domenica.   \t\t\t\t\t<\/p>\n\t\t\t\t\t\t\t<\/div>\n\t\t<\/div>\n\t\t\t\t<\/div>\n\t\t\t\t<\/div>\n\t\t\t\t<div class=\"elementor-element elementor-element-356454c elementor-mobile-align-center elementor-widget elementor-widget-button\" data-id=\"356454c\" data-element_type=\"widget\" data-widget_type=\"button.default\">\n\t\t\t\t<div class=\"elementor-widget-container\">\n\t\t\t\t\t<div class=\"elementor-button-wrapper\">\n\t\t\t<a class=\"elementor-button elementor-button-link elementor-size-sm\" href=\"https:\/\/aurumoliva.com\/contacto\/\">\n\t\t\t\t\t\t<span class=\"elementor-button-content-wrapper\">\n\t\t\t\t\t\t<span class=\"elementor-button-text\">Contatto<\/span>\n\t\t<\/span>\n\t\t\t\t\t<\/a>\n\t\t<\/div>\n\t\t\t\t<\/div>\n\t\t\t\t<\/div>\n\t\t\t\t<\/div>\n\t\t<div class=\"elementor-element elementor-element-75d8192 e-flex e-con-boxed e-con e-child\" data-id=\"75d8192\" data-element_type=\"container\" data-settings=\"{&quot;content_width&quot;:&quot;boxed&quot;}\">\n\t\t\t\t\t<div class=\"e-con-inner\">\n\t\t\t\t<div class=\"elementor-element elementor-element-cec6b91 elementor-widget elementor-widget-image\" data-id=\"cec6b91\" data-element_type=\"widget\" data-widget_type=\"image.default\">\n\t\t\t\t<div class=\"elementor-widget-container\">\n\t\t\t\t\t\t\t\t\t\t\t\t\t\t\t<img fetchpriority=\"high\" decoding=\"async\" width=\"706\" height=\"812\" src=\"https:\/\/aurumoliva.com\/wp-content\/uploads\/2024\/09\/que-ofrecemos-aurum.png\" class=\"attachment-full size-full wp-image-792\" alt=\"que ofrecemos aurum\" srcset=\"https:\/\/aurumoliva.com\/wp-content\/uploads\/2024\/09\/que-ofrecemos-aurum.png 706w, https:\/\/aurumoliva.com\/wp-content\/uploads\/2024\/09\/que-ofrecemos-aurum-261x300.png 261w\" sizes=\"(max-width: 706px) 100vw, 706px\" \/>\t\t\t\t\t\t\t\t\t\t\t\t\t\t\t<\/div>\n\t\t\t\t<\/div>\n\t\t\t\t\t<\/div>\n\t\t\t\t<\/div>\n\t\t\t\t\t<\/div>\n\t\t\t\t<\/div>\n\t\t\t\t<\/div>\n\t\t\t\t\t\t\t<\/div>\n\t\t","protected":false},"excerpt":{"rendered":"<p>Cosa offriamo? Broker di olio d&#8217;oliva sfuso Collaboratori fidati Abbiamo una riconosciuta esperienza nel settore. Una vasta rete di aziende collaboratrici, sempre affidabili. Disponiamo di una vasta gamma di collaboratori nazionali ed internazionali. Accompagnamento Gestiamo e supervisioniamo attentamente le transazioni, dall&#8217;inizio alla fine. Non lasciamo nulla in sospeso e cerchiamo la soddisfazione dei nostri clienti. [&hellip;]<\/p>\n","protected":false},"author":1,"featured_media":829,"parent":0,"menu_order":0,"comment_status":"closed","ping_status":"closed","template":"","meta":{"footnotes":""},"yoast_head":"<!-- This site is optimized with the Yoast SEO plugin v21.5 - https:\/\/yoast.com\/wordpress\/plugins\/seo\/ -->\n<title>Cosa offriamo - Aurum<\/title>\n<meta name=\"robots\" content=\"index, follow, max-snippet:-1, max-image-preview:large, max-video-preview:-1\" \/>\n<link rel=\"canonical\" href=\"https:\/\/aurumoliva.com\/que-ofrecemos\/\" \/>\n<meta property=\"og:locale\" content=\"it_IT\" \/>\n<meta property=\"og:type\" content=\"article\" \/>\n<meta property=\"og:title\" content=\"Cosa offriamo - Aurum\" \/>\n<meta property=\"og:description\" content=\"Cosa offriamo? Broker di olio d&#8217;oliva sfuso Collaboratori fidati Abbiamo una riconosciuta esperienza nel settore. Una vasta rete di aziende collaboratrici, sempre affidabili. Disponiamo di una vasta gamma di collaboratori nazionali ed internazionali. Accompagnamento Gestiamo e supervisioniamo attentamente le transazioni, dall&#8217;inizio alla fine. Non lasciamo nulla in sospeso e cerchiamo la soddisfazione dei nostri clienti. [&hellip;]\" \/>\n<meta property=\"og:url\" content=\"https:\/\/aurumoliva.com\/que-ofrecemos\/\" \/>\n<meta property=\"og:site_name\" content=\"Aurum\" \/>\n<meta property=\"article:modified_time\" content=\"2024-09-10T12:07:48+00:00\" \/>\n<meta property=\"og:image\" content=\"https:\/\/aurumoliva.com\/wp-content\/uploads\/2023\/11\/Elemento-home.png\" \/>\n<meta name=\"twitter:card\" content=\"summary_large_image\" \/>\n<meta name=\"twitter:label1\" content=\"Tempo di lettura stimato\" \/>\n\t<meta name=\"twitter:data1\" content=\"2 minuti\" \/>\n<script type=\"application\/ld+json\" class=\"yoast-schema-graph\">{\"@context\":\"https:\/\/schema.org\",\"@graph\":[{\"@type\":\"WebPage\",\"@id\":\"https:\/\/aurumoliva.com\/que-ofrecemos\/\",\"url\":\"https:\/\/aurumoliva.com\/que-ofrecemos\/\",\"name\":\"Cosa offriamo - Aurum\",\"isPartOf\":{\"@id\":\"https:\/\/aurumoliva.com\/#website\"},\"datePublished\":\"2024-09-02T07:39:40+00:00\",\"dateModified\":\"2024-09-10T12:07:48+00:00\",\"breadcrumb\":{\"@id\":\"https:\/\/aurumoliva.com\/que-ofrecemos\/#breadcrumb\"},\"inLanguage\":\"it-IT\",\"potentialAction\":[{\"@type\":\"ReadAction\",\"target\":[\"https:\/\/aurumoliva.com\/que-ofrecemos\/\"]}]},{\"@type\":\"BreadcrumbList\",\"@id\":\"https:\/\/aurumoliva.com\/que-ofrecemos\/#breadcrumb\",\"itemListElement\":[{\"@type\":\"ListItem\",\"position\":1,\"name\":\"Portada\",\"item\":\"https:\/\/aurumoliva.com\/\"},{\"@type\":\"ListItem\",\"position\":2,\"name\":\"Cosa offriamo\"}]},{\"@type\":\"WebSite\",\"@id\":\"https:\/\/aurumoliva.com\/#website\",\"url\":\"https:\/\/aurumoliva.com\/\",\"name\":\"Aurum\",\"description\":\"\",\"publisher\":{\"@id\":\"https:\/\/aurumoliva.com\/#organization\"},\"potentialAction\":[{\"@type\":\"SearchAction\",\"target\":{\"@type\":\"EntryPoint\",\"urlTemplate\":\"https:\/\/aurumoliva.com\/?s={search_term_string}\"},\"query-input\":\"required name=search_term_string\"}],\"inLanguage\":\"it-IT\"},{\"@type\":\"Organization\",\"@id\":\"https:\/\/aurumoliva.com\/#organization\",\"name\":\"Aurum\",\"url\":\"https:\/\/aurumoliva.com\/\",\"logo\":{\"@type\":\"ImageObject\",\"inLanguage\":\"it-IT\",\"@id\":\"https:\/\/aurumoliva.com\/#\/schema\/logo\/image\/\",\"url\":\"https:\/\/aurumoliva.com\/wp-content\/uploads\/2023\/11\/Logotipo.png\",\"contentUrl\":\"https:\/\/aurumoliva.com\/wp-content\/uploads\/2023\/11\/Logotipo.png\",\"width\":201,\"height\":78,\"caption\":\"Aurum\"},\"image\":{\"@id\":\"https:\/\/aurumoliva.com\/#\/schema\/logo\/image\/\"}}]}<\/script>\n<!-- \/ Yoast SEO plugin. -->","yoast_head_json":{"title":"Cosa offriamo - Aurum","robots":{"index":"index","follow":"follow","max-snippet":"max-snippet:-1","max-image-preview":"max-image-preview:large","max-video-preview":"max-video-preview:-1"},"canonical":"https:\/\/aurumoliva.com\/que-ofrecemos\/","og_locale":"it_IT","og_type":"article","og_title":"Cosa offriamo - Aurum","og_description":"Cosa offriamo? Broker di olio d&#8217;oliva sfuso Collaboratori fidati Abbiamo una riconosciuta esperienza nel settore. Una vasta rete di aziende collaboratrici, sempre affidabili. Disponiamo di una vasta gamma di collaboratori nazionali ed internazionali. Accompagnamento Gestiamo e supervisioniamo attentamente le transazioni, dall&#8217;inizio alla fine. Non lasciamo nulla in sospeso e cerchiamo la soddisfazione dei nostri clienti. [&hellip;]","og_url":"https:\/\/aurumoliva.com\/que-ofrecemos\/","og_site_name":"Aurum","article_modified_time":"2024-09-10T12:07:48+00:00","og_image":[{"url":"https:\/\/aurumoliva.com\/wp-content\/uploads\/2023\/11\/Elemento-home.png"}],"twitter_card":"summary_large_image","twitter_misc":{"Tempo di lettura stimato":"2 minuti"},"schema":{"@context":"https:\/\/schema.org","@graph":[{"@type":"WebPage","@id":"https:\/\/aurumoliva.com\/que-ofrecemos\/","url":"https:\/\/aurumoliva.com\/que-ofrecemos\/","name":"Cosa offriamo - Aurum","isPartOf":{"@id":"https:\/\/aurumoliva.com\/#website"},"datePublished":"2024-09-02T07:39:40+00:00","dateModified":"2024-09-10T12:07:48+00:00","breadcrumb":{"@id":"https:\/\/aurumoliva.com\/que-ofrecemos\/#breadcrumb"},"inLanguage":"it-IT","potentialAction":[{"@type":"ReadAction","target":["https:\/\/aurumoliva.com\/que-ofrecemos\/"]}]},{"@type":"BreadcrumbList","@id":"https:\/\/aurumoliva.com\/que-ofrecemos\/#breadcrumb","itemListElement":[{"@type":"ListItem","position":1,"name":"Portada","item":"https:\/\/aurumoliva.com\/"},{"@type":"ListItem","position":2,"name":"Cosa offriamo"}]},{"@type":"WebSite","@id":"https:\/\/aurumoliva.com\/#website","url":"https:\/\/aurumoliva.com\/","name":"Aurum","description":"","publisher":{"@id":"https:\/\/aurumoliva.com\/#organization"},"potentialAction":[{"@type":"SearchAction","target":{"@type":"EntryPoint","urlTemplate":"https:\/\/aurumoliva.com\/?s={search_term_string}"},"query-input":"required name=search_term_string"}],"inLanguage":"it-IT"},{"@type":"Organization","@id":"https:\/\/aurumoliva.com\/#organization","name":"Aurum","url":"https:\/\/aurumoliva.com\/","logo":{"@type":"ImageObject","inLanguage":"it-IT","@id":"https:\/\/aurumoliva.com\/#\/schema\/logo\/image\/","url":"https:\/\/aurumoliva.com\/wp-content\/uploads\/2023\/11\/Logotipo.png","contentUrl":"https:\/\/aurumoliva.com\/wp-content\/uploads\/2023\/11\/Logotipo.png","width":201,"height":78,"caption":"Aurum"},"image":{"@id":"https:\/\/aurumoliva.com\/#\/schema\/logo\/image\/"}}]}},"_links":{"self":[{"href":"https:\/\/aurumoliva.com\/it\/wp-json\/wp\/v2\/pages\/865"}],"collection":[{"href":"https:\/\/aurumoliva.com\/it\/wp-json\/wp\/v2\/pages"}],"about":[{"href":"https:\/\/aurumoliva.com\/it\/wp-json\/wp\/v2\/types\/page"}],"author":[{"embeddable":true,"href":"https:\/\/aurumoliva.com\/it\/wp-json\/wp\/v2\/users\/1"}],"replies":[{"embeddable":true,"href":"https:\/\/aurumoliva.com\/it\/wp-json\/wp\/v2\/comments?post=865"}],"version-history":[{"count":0,"href":"https:\/\/aurumoliva.com\/it\/wp-json\/wp\/v2\/pages\/865\/revisions"}],"wp:featuredmedia":[{"embeddable":true,"href":"https:\/\/aurumoliva.com\/it\/wp-json\/wp\/v2\/media\/829"}],"wp:attachment":[{"href":"https:\/\/aurumoliva.com\/it\/wp-json\/wp\/v2\/media?parent=865"}],"curies":[{"name":"wp","href":"https:\/\/api.w.org\/{rel}","templated":true}]}}